{"id":408,"date":"2018-11-15T09:14:23","date_gmt":"2018-11-15T09:14:23","guid":{"rendered":"https:\/\/demo.everestthemes.com\/everestnews\/demo\/everest-news-pro-i\/?page_id=408"},"modified":"2025-01-04T17:52:53","modified_gmt":"2025-01-04T16:52:53","slug":"about-us","status":"publish","type":"page","link":"https:\/\/kribicamerouninfos.net\/index.php\/about-us\/","title":{"rendered":"Qui Sommes Nous"},"content":{"rendered":"<p>&nbsp;<\/p>\n<p><strong>King Global Consulting<\/strong> Entreprise de communication \u00e9ditrices du journal Minorit\u00e9s, et du site internet Oc\u00e9an \u00e9conomies et Kribi-Cameroun Infos.\u00a0 C&rsquo;est le journal en ligne qui vous informe sur l&rsquo;actualit\u00e9 du Cameroun en g\u00e9n\u00e9ral et celle de la ville de kribi dans le d\u00e9partement de l&rsquo;Ocean (r\u00e9gion du Sud Cameroun) en particulier.<br \/>\nLe journal est la propri\u00e9t\u00e9 du cabinet conseil en communication King Global Consulting dont le promoteur n&rsquo;est autre que le journaliste d&rsquo;investigation Lazare Casimir Ndedi Kingue qui est de surcro\u00eet Directeur de Publication.<br \/>\nAbonnez-vous \u00e0 cette page pour ne manquer aucune information de Kribi et ses environs. Vous pouvez nous contacter par <strong>WhatsApp<\/strong> au 693130639 \/698116747. Par appel au 653744143<\/p>\n<p>&nbsp;<\/p>\n<p>Bis Services: Communication sociale, communication d&rsquo;organisation, conseils en communication, \u00e9v\u00e9nementiel, fourniture des services web, prestations intellectuelles diverses.<\/p>\n<p>&nbsp;<\/p>\n","protected":false},"excerpt":{"rendered":"<p>&nbsp; King Global Consulting Entreprise de communication \u00e9ditrices du journal Minorit\u00e9s, et du site internet<\/p>\n","protected":false},"author":1,"featured_media":785,"parent":0,"menu_order":0,"comment_status":"closed","ping_status":"closed","template":"","meta":{"footnotes":""},"class_list":["post-408","page","type-page","status-publish","has-post-thumbnail","hentry"],"yoast_head":"<!-- This site is optimized with the Yoast SEO plugin v27.5 - https:\/\/yoast.com\/product\/yoast-seo-wordpress\/ -->\n<title>Qui Sommes Nous - Kribi Cameroun infos<\/title>\n<meta name=\"robots\" content=\"index, follow, max-snippet:-1, max-image-preview:large, max-video-preview:-1\" \/>\n<link rel=\"canonical\" href=\"https:\/\/kribicamerouninfos.net\/index.php\/about-us\/\" \/>\n<meta property=\"og:locale\" content=\"fr_FR\" \/>\n<meta property=\"og:type\" content=\"article\" \/>\n<meta property=\"og:title\" content=\"Qui Sommes Nous - Kribi Cameroun infos\" \/>\n<meta property=\"og:description\" content=\"&nbsp; King Global Consulting Entreprise de communication \u00e9ditrices du journal Minorit\u00e9s, et du site internet\" \/>\n<meta property=\"og:url\" content=\"https:\/\/kribicamerouninfos.net\/index.php\/about-us\/\" \/>\n<meta property=\"og:site_name\" content=\"Kribi Cameroun infos\" \/>\n<meta property=\"article:modified_time\" content=\"2025-01-04T16:52:53+00:00\" \/>\n<meta property=\"og:image\" content=\"http:\/\/kribicamerouninfos.net\/wp-content\/uploads\/2025\/01\/Baniere_facbook.jpg\" \/>\n\t<meta property=\"og:image:width\" content=\"1712\" \/>\n\t<meta property=\"og:image:height\" content=\"634\" \/>\n\t<meta property=\"og:image:type\" content=\"image\/jpeg\" \/>\n<meta name=\"twitter:card\" content=\"summary_large_image\" \/>\n<meta name=\"twitter:label1\" content=\"Dur\u00e9e de lecture estim\u00e9e\" \/>\n\t<meta name=\"twitter:data1\" content=\"1 minute\" \/>\n<script type=\"application\/ld+json\" class=\"yoast-schema-graph\">{\"@context\":\"https:\\\/\\\/schema.org\",\"@graph\":[{\"@type\":\"WebPage\",\"@id\":\"https:\\\/\\\/kribicamerouninfos.net\\\/index.php\\\/about-us\\\/\",\"url\":\"https:\\\/\\\/kribicamerouninfos.net\\\/index.php\\\/about-us\\\/\",\"name\":\"Qui Sommes Nous - Kribi Cameroun infos\",\"isPartOf\":{\"@id\":\"https:\\\/\\\/kribicamerouninfos.net\\\/#website\"},\"primaryImageOfPage\":{\"@id\":\"https:\\\/\\\/kribicamerouninfos.net\\\/index.php\\\/about-us\\\/#primaryimage\"},\"image\":{\"@id\":\"https:\\\/\\\/kribicamerouninfos.net\\\/index.php\\\/about-us\\\/#primaryimage\"},\"thumbnailUrl\":\"https:\\\/\\\/kribicamerouninfos.net\\\/wp-content\\\/uploads\\\/2025\\\/01\\\/Baniere_facbook.jpg\",\"datePublished\":\"2018-11-15T09:14:23+00:00\",\"dateModified\":\"2025-01-04T16:52:53+00:00\",\"breadcrumb\":{\"@id\":\"https:\\\/\\\/kribicamerouninfos.net\\\/index.php\\\/about-us\\\/#breadcrumb\"},\"inLanguage\":\"fr-FR\",\"potentialAction\":[{\"@type\":\"ReadAction\",\"target\":[\"https:\\\/\\\/kribicamerouninfos.net\\\/index.php\\\/about-us\\\/\"]}]},{\"@type\":\"ImageObject\",\"inLanguage\":\"fr-FR\",\"@id\":\"https:\\\/\\\/kribicamerouninfos.net\\\/index.php\\\/about-us\\\/#primaryimage\",\"url\":\"https:\\\/\\\/kribicamerouninfos.net\\\/wp-content\\\/uploads\\\/2025\\\/01\\\/Baniere_facbook.jpg\",\"contentUrl\":\"https:\\\/\\\/kribicamerouninfos.net\\\/wp-content\\\/uploads\\\/2025\\\/01\\\/Baniere_facbook.jpg\",\"width\":1712,\"height\":634},{\"@type\":\"BreadcrumbList\",\"@id\":\"https:\\\/\\\/kribicamerouninfos.net\\\/index.php\\\/about-us\\\/#breadcrumb\",\"itemListElement\":[{\"@type\":\"ListItem\",\"position\":1,\"name\":\"Accueil\",\"item\":\"https:\\\/\\\/kribicamerouninfos.net\\\/\"},{\"@type\":\"ListItem\",\"position\":2,\"name\":\"Qui Sommes Nous\"}]},{\"@type\":\"WebSite\",\"@id\":\"https:\\\/\\\/kribicamerouninfos.net\\\/#website\",\"url\":\"https:\\\/\\\/kribicamerouninfos.net\\\/\",\"name\":\"Kribi Cameroun infos\",\"description\":\"Site d&#039;informations g\u00e9n\u00e9rales\",\"publisher\":{\"@id\":\"https:\\\/\\\/kribicamerouninfos.net\\\/#organization\"},\"potentialAction\":[{\"@type\":\"SearchAction\",\"target\":{\"@type\":\"EntryPoint\",\"urlTemplate\":\"https:\\\/\\\/kribicamerouninfos.net\\\/?s={search_term_string}\"},\"query-input\":{\"@type\":\"PropertyValueSpecification\",\"valueRequired\":true,\"valueName\":\"search_term_string\"}}],\"inLanguage\":\"fr-FR\"},{\"@type\":\"Organization\",\"@id\":\"https:\\\/\\\/kribicamerouninfos.net\\\/#organization\",\"name\":\"Kribi Cameroun infos\",\"url\":\"https:\\\/\\\/kribicamerouninfos.net\\\/\",\"logo\":{\"@type\":\"ImageObject\",\"inLanguage\":\"fr-FR\",\"@id\":\"https:\\\/\\\/kribicamerouninfos.net\\\/#\\\/schema\\\/logo\\\/image\\\/\",\"url\":\"https:\\\/\\\/kribicamerouninfos.net\\\/wp-content\\\/uploads\\\/2025\\\/12\\\/cropped-logo_site.png\",\"contentUrl\":\"https:\\\/\\\/kribicamerouninfos.net\\\/wp-content\\\/uploads\\\/2025\\\/12\\\/cropped-logo_site.png\",\"width\":343,\"height\":90,\"caption\":\"Kribi Cameroun infos\"},\"image\":{\"@id\":\"https:\\\/\\\/kribicamerouninfos.net\\\/#\\\/schema\\\/logo\\\/image\\\/\"}}]}<\/script>\n<!-- \/ Yoast SEO plugin. -->","yoast_head_json":{"title":"Qui Sommes Nous - Kribi Cameroun infos","robots":{"index":"index","follow":"follow","max-snippet":"max-snippet:-1","max-image-preview":"max-image-preview:large","max-video-preview":"max-video-preview:-1"},"canonical":"https:\/\/kribicamerouninfos.net\/index.php\/about-us\/","og_locale":"fr_FR","og_type":"article","og_title":"Qui Sommes Nous - Kribi Cameroun infos","og_description":"&nbsp; King Global Consulting Entreprise de communication \u00e9ditrices du journal Minorit\u00e9s, et du site internet","og_url":"https:\/\/kribicamerouninfos.net\/index.php\/about-us\/","og_site_name":"Kribi Cameroun infos","article_modified_time":"2025-01-04T16:52:53+00:00","og_image":[{"width":1712,"height":634,"url":"http:\/\/kribicamerouninfos.net\/wp-content\/uploads\/2025\/01\/Baniere_facbook.jpg","type":"image\/jpeg"}],"twitter_card":"summary_large_image","twitter_misc":{"Dur\u00e9e de lecture estim\u00e9e":"1 minute"},"schema":{"@context":"https:\/\/schema.org","@graph":[{"@type":"WebPage","@id":"https:\/\/kribicamerouninfos.net\/index.php\/about-us\/","url":"https:\/\/kribicamerouninfos.net\/index.php\/about-us\/","name":"Qui Sommes Nous - Kribi Cameroun infos","isPartOf":{"@id":"https:\/\/kribicamerouninfos.net\/#website"},"primaryImageOfPage":{"@id":"https:\/\/kribicamerouninfos.net\/index.php\/about-us\/#primaryimage"},"image":{"@id":"https:\/\/kribicamerouninfos.net\/index.php\/about-us\/#primaryimage"},"thumbnailUrl":"https:\/\/kribicamerouninfos.net\/wp-content\/uploads\/2025\/01\/Baniere_facbook.jpg","datePublished":"2018-11-15T09:14:23+00:00","dateModified":"2025-01-04T16:52:53+00:00","breadcrumb":{"@id":"https:\/\/kribicamerouninfos.net\/index.php\/about-us\/#breadcrumb"},"inLanguage":"fr-FR","potentialAction":[{"@type":"ReadAction","target":["https:\/\/kribicamerouninfos.net\/index.php\/about-us\/"]}]},{"@type":"ImageObject","inLanguage":"fr-FR","@id":"https:\/\/kribicamerouninfos.net\/index.php\/about-us\/#primaryimage","url":"https:\/\/kribicamerouninfos.net\/wp-content\/uploads\/2025\/01\/Baniere_facbook.jpg","contentUrl":"https:\/\/kribicamerouninfos.net\/wp-content\/uploads\/2025\/01\/Baniere_facbook.jpg","width":1712,"height":634},{"@type":"BreadcrumbList","@id":"https:\/\/kribicamerouninfos.net\/index.php\/about-us\/#breadcrumb","itemListElement":[{"@type":"ListItem","position":1,"name":"Accueil","item":"https:\/\/kribicamerouninfos.net\/"},{"@type":"ListItem","position":2,"name":"Qui Sommes Nous"}]},{"@type":"WebSite","@id":"https:\/\/kribicamerouninfos.net\/#website","url":"https:\/\/kribicamerouninfos.net\/","name":"Kribi Cameroun infos","description":"Site d&#039;informations g\u00e9n\u00e9rales","publisher":{"@id":"https:\/\/kribicamerouninfos.net\/#organization"},"potentialAction":[{"@type":"SearchAction","target":{"@type":"EntryPoint","urlTemplate":"https:\/\/kribicamerouninfos.net\/?s={search_term_string}"},"query-input":{"@type":"PropertyValueSpecification","valueRequired":true,"valueName":"search_term_string"}}],"inLanguage":"fr-FR"},{"@type":"Organization","@id":"https:\/\/kribicamerouninfos.net\/#organization","name":"Kribi Cameroun infos","url":"https:\/\/kribicamerouninfos.net\/","logo":{"@type":"ImageObject","inLanguage":"fr-FR","@id":"https:\/\/kribicamerouninfos.net\/#\/schema\/logo\/image\/","url":"https:\/\/kribicamerouninfos.net\/wp-content\/uploads\/2025\/12\/cropped-logo_site.png","contentUrl":"https:\/\/kribicamerouninfos.net\/wp-content\/uploads\/2025\/12\/cropped-logo_site.png","width":343,"height":90,"caption":"Kribi Cameroun infos"},"image":{"@id":"https:\/\/kribicamerouninfos.net\/#\/schema\/logo\/image\/"}}]}},"_links":{"self":[{"href":"https:\/\/kribicamerouninfos.net\/index.php\/wp-json\/wp\/v2\/pages\/408","targetHints":{"allow":["GET"]}}],"collection":[{"href":"https:\/\/kribicamerouninfos.net\/index.php\/wp-json\/wp\/v2\/pages"}],"about":[{"href":"https:\/\/kribicamerouninfos.net\/index.php\/wp-json\/wp\/v2\/types\/page"}],"author":[{"embeddable":true,"href":"https:\/\/kribicamerouninfos.net\/index.php\/wp-json\/wp\/v2\/users\/1"}],"replies":[{"embeddable":true,"href":"https:\/\/kribicamerouninfos.net\/index.php\/wp-json\/wp\/v2\/comments?post=408"}],"version-history":[{"count":4,"href":"https:\/\/kribicamerouninfos.net\/index.php\/wp-json\/wp\/v2\/pages\/408\/revisions"}],"predecessor-version":[{"id":784,"href":"https:\/\/kribicamerouninfos.net\/index.php\/wp-json\/wp\/v2\/pages\/408\/revisions\/784"}],"wp:featuredmedia":[{"embeddable":true,"href":"https:\/\/kribicamerouninfos.net\/index.php\/wp-json\/wp\/v2\/media\/785"}],"wp:attachment":[{"href":"https:\/\/kribicamerouninfos.net\/index.php\/wp-json\/wp\/v2\/media?parent=408"}],"curies":[{"name":"wp","href":"https:\/\/api.w.org\/{rel}","templated":true}]}}